{"id":13656,"date":"2019-11-18T08:37:56","date_gmt":"2019-11-18T08:37:56","guid":{"rendered":"http:\/\/ninzio.com\/edukul\/?page_id=13656"},"modified":"2025-03-26T20:37:22","modified_gmt":"2025-03-27T01:37:22","slug":"red-papaz","status":"publish","type":"page","link":"https:\/\/inembucaramanga.edu.co\/portal\/red-papaz\/","title":{"rendered":"Red PaPaz"},"content":{"rendered":"<div class=\"wpb-content-wrapper\"><p>[vc_row][vc_column]\r\n\t<div class=\"edukul-spacer clearfix\" data-desktop=\"130\" data-mobi=\"60\" data-smobi=\"60\"><\/div>[vc_row_inner css=&#8221;.vc_custom_1574068086723{padding-top: 50px !important;padding-right: 50px !important;padding-bottom: 50px !important;padding-left: 50px !important;background-color: #f7f7f7 !important;}&#8221;][vc_column_inner width=&#8221;1\/2&#8243;]<div class=\"edukul-content-box clearfix \" data-padding=\"0 55px 0 0\" data-mobipadding=\"0 0 0 0\" data-margin=\"\" data-mobimargin=\"\" >\r\n\t\t<div class=\"inner ctb-111617999\" style=\"background-position:left top;background-repeat:no-repeat;\"  data-background=\"\">\r\n\t\t\t<div class=\"edukul-fancy-img  bg-bottom \" data-in-viewport=\"true\" >\r\n\t\t\t\t<div class=\"edukul-fancy-img-inner\">\r\n\t\t\t\t\t<span class=\"edukul-fancy-img-bg\"><\/span>\r\n\r\n\t\t\t\t\t<div class=\"edukul-fancy-img-holder\" style=\"\">\r\n\t\t\t\t\t\t<img decoding=\"async\" alt=\"image\" src=\"https:\/\/inembucaramanga.edu.co\/portal\/wp-content\/uploads\/2025\/02\/REDPAPAZ.jpg\" \/> \r\n\t\t\t\t\t<\/div>\r\n\t\t\t\t<\/div>\r\n\t\t\t<\/div>\r\n\t\t<\/div>\r\n\t<\/div>[\/vc_column_inner][vc_column_inner width=&#8221;1\/2&#8243;]\r\n\t<div class=\"edukul-spacer clearfix\" data-desktop=\"20\" data-mobi=\"40\" data-smobi=\"40\"><\/div><div class=\"edukul-headings clearfix \" data-font=55 data-mfont=36 style=\"\"><h2 class=\"heading clearfix \" style=\"max-width:450px;margin-bottom:25px;font-size:55px;\">\r\n\t\tRED PAPAZ\r\n\t<\/h2><p class=\"sub-heading clearfix\" style=\"font-style:normal;color:#111010;\">\r\n\t\tEs una corporaci\u00f3n sin \u00e1nimo de lucro fundada en el 2003 que tiene como prop\u00f3sito superior abogar por la protecci\u00f3n de los derechos de las ni\u00f1as, ni\u00f1os y adolescentes en Colombia y Am\u00e9rica Latina y fortalecer las capacidades de los actores relevantes para garantizar su efectivo cumplimiento.\r\n\t<\/p><\/div>\r\n\t<div class=\"edukul-spacer clearfix\" data-desktop=\"20\" data-mobi=\"20\" data-smobi=\"20\"><\/div><div class=\"edukul-list clearfix icon-middle\" >\r\n\t\t<div style=\"margin-bottom:6px;\">\r\n\t\t\t<span style=\"padding-left:25px;color:#151515\"><span class=\"icon  accent\" style=\"font-size:16px;margin-top:-1px;\">\r\n\t\t\t<i class=\"eduk-check\"><\/i>\r\n\t\t<\/span> <span style=\"\">Conferencias<\/span><\/span>\r\n\t\t<\/div>\r\n\t<\/div><div class=\"edukul-list clearfix icon-middle\" >\r\n\t\t<div style=\"margin-bottom:6px;\">\r\n\t\t\t<span style=\"padding-left:25px;color:#111010\"><span class=\"icon  accent\" style=\"font-size:16px;margin-top:-1px;\">\r\n\t\t\t<i class=\"eduk-check\"><\/i>\r\n\t\t<\/span> <span style=\"\">Videos<\/span><\/span>\r\n\t\t<\/div>\r\n\t<\/div><div class=\"edukul-list clearfix icon-middle\" >\r\n\t\t<div style=\"\">\r\n\t\t\t<span style=\"padding-left:25px;color:#0C0C0C\"><span class=\"icon  accent\" style=\"font-size:16px;margin-top:-1px;\">\r\n\t\t\t<i class=\"eduk-check\"><\/i>\r\n\t\t<\/span> <span style=\"\">Infografias<\/span><\/span>\r\n\t\t<\/div>\r\n\t<\/div>\r\n\t<div class=\"edukul-spacer clearfix\" data-desktop=\"40\" data-mobi=\"40\" data-smobi=\"40\"><\/div><div class=\"edukul-icon icon-2000267200\"  data-icon=\"#ffffff\" data-background=\"#fe9823\" data-background-hover=\"#42495a\"><a class=\"url-wrap\" target=\"_blank\" href=\"https:\/\/www.redpapaz.org\/actividades-para-el-publico\/\"><span class=\"icon\" style=\"font-size:15px;width:40px;height:40px;border-style:solid;border-radius:6px;line-height:40px;margin:0 10px 0 0;\"><i class=\"fas fa-link\"><\/i><\/span><\/a><\/div>[\/vc_column_inner][\/vc_row_inner]\r\n\t<div class=\"edukul-spacer clearfix\" data-desktop=\"80\" data-mobi=\"50\" data-smobi=\"50\"><\/div>\r\n\t<div class=\"edukul-spacer clearfix\" data-desktop=\"130\" data-mobi=\"60\" data-smobi=\"60\"><\/div>[\/vc_column][\/vc_row][vc_row][vc_column width=&#8221;1\/4&#8243;][vc_hoverbox image=&#8221;12579&#8243; primary_title=&#8221;RED PAPAZ&#8221; hover_title=&#8221;Actividades&#8221; hover_background_color=&#8221;green&#8221; hover_btn_title=&#8221;Conoce m\u00e1s&#8221; css_animation=&#8221;fadeInDownBig&#8221; hover_add_button=&#8221;true&#8221; hover_btn_link=&#8221;url:https%3A%2F%2Fwww.redpapaz.org%2Feventos%2F|title:eventos|target:_blank&#8221;]<\/p>\n<h6 class=\"titulo-principal-actividades\">Actividades gratuitas para miembros de las Instituciones Educativas y aliados de nuestros programas<\/h6>\n<p>[\/vc_hoverbox][\/vc_column][vc_column width=&#8221;3\/4&#8243;][vc_tta_tabs][vc_tta_section i_icon_fontawesome=&#8221;fas fa-folder-open&#8221; add_icon=&#8221;true&#8221; title=&#8221;Infograf\u00edas&#8221; tab_id=&#8221;1740825727365-5c012c5d-d7a1&#8243;][vc_single_image image=&#8221;19783&#8243; css=&#8221;&#8221;][vc_separator border_width=&#8221;4&#8243; css=&#8221;&#8221;][vc_column_text css=&#8221;&#8221;]<img fetchpriority=\"high\" decoding=\"async\" src=\"https:\/\/inembucaramanga.edu.co\/portal\/wp-content\/uploads\/2025\/03\/imagen-red-papaz-300x298.jpeg\" alt=\"\" width=\"478\" height=\"475\" class=\" wp-image-19621 alignleft\" srcset=\"https:\/\/inembucaramanga.edu.co\/portal\/wp-content\/uploads\/2025\/03\/imagen-red-papaz-300x298.jpeg 300w, https:\/\/inembucaramanga.edu.co\/portal\/wp-content\/uploads\/2025\/03\/imagen-red-papaz-1024x1017.jpeg 1024w, https:\/\/inembucaramanga.edu.co\/portal\/wp-content\/uploads\/2025\/03\/imagen-red-papaz-150x150.jpeg 150w, https:\/\/inembucaramanga.edu.co\/portal\/wp-content\/uploads\/2025\/03\/imagen-red-papaz-768x763.jpeg 768w, https:\/\/inembucaramanga.edu.co\/portal\/wp-content\/uploads\/2025\/03\/imagen-red-papaz.jpeg 1258w\" sizes=\"(max-width: 478px) 100vw, 478px\" \/>[\/vc_column_text][\/vc_tta_section][vc_tta_section i_icon_fontawesome=&#8221;fas fa-video&#8221; add_icon=&#8221;true&#8221; title=&#8221;Videos&#8221; tab_id=&#8221;1740825727382-4dd7e144-9132&#8243;][vc_video link=&#8221;https:\/\/www.youtube.com\/live\/r4pw5zf26aE&#8221; css=&#8221;&#8221; title=&#8221;Criando en tiempos de Cannabis&#8221;][\/vc_tta_section][\/vc_tta_tabs][\/vc_column][\/vc_row]<\/p>\n<\/div>","protected":false},"excerpt":{"rendered":"<p>[vc_row][vc_column][vc_row_inner css=&#8221;.vc_custom_1574068086723{padding-top: 50px !important;padding-right: 50px !important;padding-bottom: 50px !important;padding-left: 50px !important;background-color: #f7f7f7 !important;}&#8221;][vc_column_inner width=&#8221;1\/2&#8243;][\/vc_column_inner][vc_column_inner width=&#8221;1\/2&#8243;][\/vc_column_inner][\/vc_row_inner][\/vc_column][\/vc_row][vc_row][vc_column width=&#8221;1\/4&#8243;][vc_hoverbox image=&#8221;12579&#8243; primary_title=&#8221;RED PAPAZ&#8221; hover_title=&#8221;Actividades&#8221; hover_background_color=&#8221;green&#8221; hover_btn_title=&#8221;Conoce m\u00e1s&#8221; css_animation=&#8221;fadeInDownBig&#8221; hover_add_button=&#8221;true&#8221; hover_btn_link=&#8221;url:https%3A%2F%2Fwww.redpapaz.org%2Feventos%2F|title:eventos|target:_blank&#8221;] Actividades gratuitas para miembros de las Instituciones Educativas y aliados de nuestros programas [\/vc_hoverbox][\/vc_column][vc_column width=&#8221;3\/4&#8243;][vc_tta_tabs][vc_tta_section i_icon_fontawesome=&#8221;fas fa-folder-open&#8221; add_icon=&#8221;true&#8221; title=&#8221;Infograf\u00edas&#8221; tab_id=&#8221;1740825727365-5c012c5d-d7a1&#8243;][vc_single_image image=&#8221;19783&#8243; css=&#8221;&#8221;][vc_separator border_width=&#8221;4&#8243; css=&#8221;&#8221;][vc_column_text css=&#8221;&#8221;][\/vc_column_text][\/vc_tta_section][vc_tta_section<\/p>\n","protected":false},"author":1,"featured_media":0,"parent":0,"menu_order":0,"comment_status":"closed","ping_status":"closed","template":"","meta":{"nf_dc_page":"","footnotes":""},"class_list":["post-13656","page","type-page","status-publish","hentry"],"_links":{"self":[{"href":"https:\/\/inembucaramanga.edu.co\/portal\/wp-json\/wp\/v2\/pages\/13656","targetHints":{"allow":["GET"]}}],"collection":[{"href":"https:\/\/inembucaramanga.edu.co\/portal\/wp-json\/wp\/v2\/pages"}],"about":[{"href":"https:\/\/inembucaramanga.edu.co\/portal\/wp-json\/wp\/v2\/types\/page"}],"author":[{"embeddable":true,"href":"https:\/\/inembucaramanga.edu.co\/portal\/wp-json\/wp\/v2\/users\/1"}],"replies":[{"embeddable":true,"href":"https:\/\/inembucaramanga.edu.co\/portal\/wp-json\/wp\/v2\/comments?post=13656"}],"version-history":[{"count":5,"href":"https:\/\/inembucaramanga.edu.co\/portal\/wp-json\/wp\/v2\/pages\/13656\/revisions"}],"predecessor-version":[{"id":19784,"href":"https:\/\/inembucaramanga.edu.co\/portal\/wp-json\/wp\/v2\/pages\/13656\/revisions\/19784"}],"wp:attachment":[{"href":"https:\/\/inembucaramanga.edu.co\/portal\/wp-json\/wp\/v2\/media?parent=13656"}],"curies":[{"name":"wp","href":"https:\/\/api.w.org\/{rel}","templated":true}]}}