
{"id":20126,"date":"2025-08-28T21:34:44","date_gmt":"2025-08-29T02:34:44","guid":{"rendered":"https:\/\/inembucaramanga.edu.co\/portal\/?page_id=20126"},"modified":"2025-08-28T21:34:44","modified_gmt":"2025-08-29T02:34:44","slug":"tramites","status":"publish","type":"page","link":"https:\/\/inembucaramanga.edu.co\/web\/tramites\/","title":{"rendered":"5. Tr\u00e1mites"},"content":{"rendered":"\t\t<div data-elementor-type=\"wp-page\" data-elementor-id=\"20126\" class=\"elementor elementor-20126\" data-elementor-post-type=\"page\">\n\t\t\t\t<div class=\"elementor-element elementor-element-4427083 e-grid e-con-boxed e-con e-parent\" data-id=\"4427083\" data-element_type=\"container\" data-e-type=\"container\">\n\t\t\t\t\t<div class=\"e-con-inner\">\n\t\t<div class=\"elementor-element elementor-element-102965c e-con-full e-flex e-con e-child\" data-id=\"102965c\" data-element_type=\"container\" data-e-type=\"container\">\n\t\t\t\t<div class=\"elementor-element elementor-element-e746ddb elementor-cta--skin-classic elementor-animated-content elementor-bg-transform elementor-bg-transform-zoom-in elementor-widget elementor-widget-call-to-action\" data-id=\"e746ddb\" data-element_type=\"widget\" data-e-type=\"widget\" data-widget_type=\"call-to-action.default\">\n\t\t\t\t\t\t\t<div class=\"elementor-cta\">\n\t\t\t\t\t\t\t<div class=\"elementor-cta__content\">\n\t\t\t\t\n\t\t\t\t\t\t\t\t\t<h2 class=\"elementor-cta__title elementor-cta__content-item elementor-content-item\">\n\t\t\t\t\t\t5.1 Inscripciones\t\t\t\t\t<\/h2>\n\t\t\t\t\n\t\t\t\t\t\t\t\t\t<div class=\"elementor-cta__description elementor-cta__content-item elementor-content-item\">\n\t\t\t\t\t\tEn esta secci\u00f3n puedes acceder a la informaci\u00f3n y formularios necesarios para realizar el proceso de inscripci\u00f3n a la Instituci\u00f3n Educativa. Aqu\u00ed se detallan los requisitos, fechas, documentaci\u00f3n y pasos para garantizar un tr\u00e1mite claro y accesible para toda la comunidad\t\t\t\t\t<\/div>\n\t\t\t\t\n\t\t\t\t\t\t\t\t\t<div class=\"elementor-cta__button-wrapper elementor-cta__content-item elementor-content-item \">\n\t\t\t\t\t<a class=\"elementor-cta__button elementor-button elementor-size-\" href=\"https:\/\/drive.google.com\/file\/d\/1W1v_0FQODznU-ZhMvrWP08vdnuiYY1Xg\/view?usp=sharing\">\n\t\t\t\t\t\tClick Aqu\u00ed\t\t\t\t\t<\/a>\n\t\t\t\t\t<\/div>\n\t\t\t\t\t\t\t<\/div>\n\t\t\t\t\t\t<\/div>\n\t\t\t\t\t\t<\/div>\n\t\t\t\t<\/div>\n\t\t<div class=\"elementor-element elementor-element-f04c1ff e-con-full e-flex e-con e-child\" data-id=\"f04c1ff\" data-element_type=\"container\" data-e-type=\"container\">\n\t\t\t\t<div class=\"elementor-element elementor-element-a224ba0 elementor-cta--skin-classic elementor-animated-content elementor-bg-transform elementor-bg-transform-zoom-in elementor-widget elementor-widget-call-to-action\" data-id=\"a224ba0\" data-element_type=\"widget\" data-e-type=\"widget\" data-widget_type=\"call-to-action.default\">\n\t\t\t\t\t\t\t<div class=\"elementor-cta\">\n\t\t\t\t\t\t\t<div class=\"elementor-cta__content\">\n\t\t\t\t\n\t\t\t\t\t\t\t\t\t<h2 class=\"elementor-cta__title elementor-cta__content-item elementor-content-item\">\n\t\t\t\t\t\t5.2 Matr\u00edculas\t\t\t\t\t<\/h2>\n\t\t\t\t\n\t\t\t\t\t\t\t\t\t<div class=\"elementor-cta__description elementor-cta__content-item elementor-content-item\">\n\t\t\t\t\t\tConsulta aqu\u00ed toda la informaci\u00f3n relacionada con el proceso de matr\u00edcula, incluyendo requisitos, cronograma, formatos y lineamientos institucionales. Este tr\u00e1mite garantiza el acceso oficial a los servicios educativos ofrecidos por la instituci\u00f3n\t\t\t\t\t<\/div>\n\t\t\t\t\n\t\t\t\t\t\t\t\t\t<div class=\"elementor-cta__button-wrapper elementor-cta__content-item elementor-content-item \">\n\t\t\t\t\t<a class=\"elementor-cta__button elementor-button elementor-size-\">\n\t\t\t\t\t\tClick Aqu\u00ed\t\t\t\t\t<\/a>\n\t\t\t\t\t<\/div>\n\t\t\t\t\t\t\t<\/div>\n\t\t\t\t\t\t<\/div>\n\t\t\t\t\t\t<\/div>\n\t\t\t\t<\/div>\n\t\t<div class=\"elementor-element elementor-element-100c474 e-con-full e-flex e-con e-child\" data-id=\"100c474\" data-element_type=\"container\" data-e-type=\"container\">\n\t\t\t\t<div class=\"elementor-element elementor-element-fa16b78 elementor-cta--skin-classic elementor-animated-content elementor-bg-transform elementor-bg-transform-zoom-in elementor-widget elementor-widget-call-to-action\" data-id=\"fa16b78\" data-element_type=\"widget\" data-e-type=\"widget\" data-widget_type=\"call-to-action.default\">\n\t\t\t\t\t\t\t<div class=\"elementor-cta\">\n\t\t\t\t\t\t\t<div class=\"elementor-cta__content\">\n\t\t\t\t\n\t\t\t\t\t\t\t\t\t<h2 class=\"elementor-cta__title elementor-cta__content-item elementor-content-item\">\n\t\t\t\t\t\t5.3 Solicitud de certificados\t\t\t\t\t<\/h2>\n\t\t\t\t\n\t\t\t\t\t\t\t\t\t<div class=\"elementor-cta__description elementor-cta__content-item elementor-content-item\">\n\t\t\t\t\t\tDesde esta secci\u00f3n puedes realizar solicitudes de certificados acad\u00e9micos u otros documentos oficiales expedidos por la instituci\u00f3n. Se informa el procedimiento, tiempos de entrega y condiciones para su expedici\u00f3n conforme a la normativa vigente.\t\t\t\t\t<\/div>\n\t\t\t\t\n\t\t\t\t\t\t\t\t\t<div class=\"elementor-cta__button-wrapper elementor-cta__content-item elementor-content-item \">\n\t\t\t\t\t<a class=\"elementor-cta__button elementor-button elementor-size-\" href=\"https:\/\/drive.google.com\/file\/d\/17YukLOcMgqoiWt3GC7YBrND0c34Ric2y\/view?usp=drive_link\">\n\t\t\t\t\t\tClick Aqu\u00ed\t\t\t\t\t<\/a>\n\t\t\t\t\t<\/div>\n\t\t\t\t\t\t\t<\/div>\n\t\t\t\t\t\t<\/div>\n\t\t\t\t\t\t<\/div>\n\t\t\t\t<\/div>\n\t\t\t\t\t<\/div>\n\t\t\t\t<\/div>\n\t\t\t\t<\/div>\n\t\t","protected":false},"excerpt":{"rendered":"<p>5.1 Inscripciones En esta secci\u00f3n puedes acceder a la informaci\u00f3n y formularios necesarios para realizar el proceso de inscripci\u00f3n a la Instituci\u00f3n Educativa. Aqu\u00ed se detallan los requisitos, fechas, documentaci\u00f3n y pasos para garantizar un tr\u00e1mite claro y accesible para toda la comunidad Click Aqu\u00ed 5.2 Matr\u00edculas Consulta aqu\u00ed toda la informaci\u00f3n relacionada con el&#8230;<\/p>\n","protected":false},"author":1,"featured_media":0,"parent":0,"menu_order":0,"comment_status":"closed","ping_status":"closed","template":"","meta":{"footnotes":""},"class_list":["post-20126","page","type-page","status-publish","hentry"],"_links":{"self":[{"href":"https:\/\/inembucaramanga.edu.co\/web\/wp-json\/wp\/v2\/pages\/20126","targetHints":{"allow":["GET"]}}],"collection":[{"href":"https:\/\/inembucaramanga.edu.co\/web\/wp-json\/wp\/v2\/pages"}],"about":[{"href":"https:\/\/inembucaramanga.edu.co\/web\/wp-json\/wp\/v2\/types\/page"}],"author":[{"embeddable":true,"href":"https:\/\/inembucaramanga.edu.co\/web\/wp-json\/wp\/v2\/users\/1"}],"replies":[{"embeddable":true,"href":"https:\/\/inembucaramanga.edu.co\/web\/wp-json\/wp\/v2\/comments?post=20126"}],"version-history":[{"count":0,"href":"https:\/\/inembucaramanga.edu.co\/web\/wp-json\/wp\/v2\/pages\/20126\/revisions"}],"wp:attachment":[{"href":"https:\/\/inembucaramanga.edu.co\/web\/wp-json\/wp\/v2\/media?parent=20126"}],"curies":[{"name":"wp","href":"https:\/\/api.w.org\/{rel}","templated":true}]}}