{"id":20259,"date":"2025-08-28T23:20:39","date_gmt":"2025-08-29T04:20:39","guid":{"rendered":"https:\/\/inembucaramanga.edu.co\/portal\/?page_id=20259"},"modified":"2025-08-28T23:20:39","modified_gmt":"2025-08-29T04:20:39","slug":"6-participacion-ciudadana","status":"publish","type":"page","link":"https:\/\/inembucaramanga.edu.co\/web\/6-participacion-ciudadana\/","title":{"rendered":"6. Participaci\u00f3n ciudadana"},"content":{"rendered":"\t\t<div data-elementor-type=\"wp-page\" data-elementor-id=\"20259\" class=\"elementor elementor-20259\" data-elementor-post-type=\"page\">\n\t\t\t\t<div class=\"elementor-element elementor-element-d548890 e-grid e-con-boxed e-con e-parent\" data-id=\"d548890\" data-element_type=\"container\" data-e-type=\"container\">\n\t\t\t\t\t<div class=\"e-con-inner\">\n\t\t\t\t<div class=\"elementor-element elementor-element-eb5a81f elementor-cta--skin-classic elementor-animated-content elementor-bg-transform elementor-bg-transform-zoom-in elementor-widget elementor-widget-call-to-action\" data-id=\"eb5a81f\" data-element_type=\"widget\" data-e-type=\"widget\" data-widget_type=\"call-to-action.default\">\n\t\t\t\t\t\t\t<div class=\"elementor-cta\">\n\t\t\t\t\t\t\t<div class=\"elementor-cta__content\">\n\t\t\t\t\n\t\t\t\t\t\t\t\t\t<h2 class=\"elementor-cta__title elementor-cta__content-item elementor-content-item\">\n\t\t\t\t\t\t6.1 Rendici\u00f3n de cuentas\t\t\t\t\t<\/h2>\n\t\t\t\t\n\t\t\t\t\t\t\t\t\t<div class=\"elementor-cta__description elementor-cta__content-item elementor-content-item\">\n\t\t\t\t\t\tEn esta secci\u00f3n puedes consultar los informes, presentaciones y resultados del proceso de rendici\u00f3n de cuentas institucional. Esta pr\u00e1ctica busca fortalecer la transparencia, promover la participaci\u00f3n activa de la ciudadan\u00eda y garantizar el control social sobre la gesti\u00f3n p\u00fablica. Aqu\u00ed encontrar\u00e1s informaci\u00f3n sobre la planeaci\u00f3n, ejecuci\u00f3n y evaluaci\u00f3n de la gesti\u00f3n institucional.\t\t\t\t\t<\/div>\n\t\t\t\t\n\t\t\t\t\t\t\t\t\t<div class=\"elementor-cta__button-wrapper elementor-cta__content-item elementor-content-item \">\n\t\t\t\t\t<a class=\"elementor-cta__button elementor-button elementor-size-\" href=\"https:\/\/youtu.be\/mfEqpV2HNJQ\">\n\t\t\t\t\t\tClick Aqu\u00ed\t\t\t\t\t<\/a>\n\t\t\t\t\t<\/div>\n\t\t\t\t\t\t\t<\/div>\n\t\t\t\t\t\t<\/div>\n\t\t\t\t\t\t<\/div>\n\t\t\t\t<div class=\"elementor-element elementor-element-2e402fe elementor-cta--skin-classic elementor-animated-content elementor-bg-transform elementor-bg-transform-zoom-in elementor-widget elementor-widget-call-to-action\" data-id=\"2e402fe\" data-element_type=\"widget\" data-e-type=\"widget\" data-widget_type=\"call-to-action.default\">\n\t\t\t\t\t\t\t<div class=\"elementor-cta\">\n\t\t\t\t\t\t\t<div class=\"elementor-cta__content\">\n\t\t\t\t\n\t\t\t\t\t\t\t\t\t<h2 class=\"elementor-cta__title elementor-cta__content-item elementor-content-item\">\n\t\t\t\t\t\t6.2 Participaci\u00f3n Ciudadana\t\t\t\t\t<\/h2>\n\t\t\t\t\n\t\t\t\t\t\t\t\t\t<div class=\"elementor-cta__description elementor-cta__content-item elementor-content-item\">\n\t\t\t\t\t\tEstos son los diferentes estamentos en los que se evidencia la participaci\u00f3n ciudadana. .\t\t\t\t\t<\/div>\n\t\t\t\t\n\t\t\t\t\t\t\t\t\t<div class=\"elementor-cta__button-wrapper elementor-cta__content-item elementor-content-item \">\n\t\t\t\t\t<a class=\"elementor-cta__button elementor-button elementor-size-\">\n\t\t\t\t\t\tClick Aqu\u00ed\t\t\t\t\t<\/a>\n\t\t\t\t\t<\/div>\n\t\t\t\t\t\t\t<\/div>\n\t\t\t\t\t\t<\/div>\n\t\t\t\t\t\t<\/div>\n\t\t\t\t\t<\/div>\n\t\t\t\t<\/div>\n\t\t<div class=\"elementor-element elementor-element-06be483 e-flex e-con-boxed e-con e-parent\" data-id=\"06be483\" data-element_type=\"container\" data-e-type=\"container\">\n\t\t\t\t\t<div class=\"e-con-inner\">\n\t\t<div class=\"elementor-element elementor-element-fc12aae e-con-full e-flex e-con e-child\" data-id=\"fc12aae\" data-element_type=\"container\" data-e-type=\"container\">\n\t\t\t\t<\/div>\n\t\t\t\t\t<\/div>\n\t\t\t\t<\/div>\n\t\t\t\t<\/div>\n\t\t","protected":false},"excerpt":{"rendered":"<p>6.1 Rendici\u00f3n de cuentas En esta secci\u00f3n puedes consultar los informes, presentaciones y resultados del proceso de rendici\u00f3n de cuentas institucional. Esta pr\u00e1ctica busca fortalecer la transparencia, promover la participaci\u00f3n activa de la ciudadan\u00eda y garantizar el control social sobre la gesti\u00f3n p\u00fablica. Aqu\u00ed encontrar\u00e1s informaci\u00f3n sobre la planeaci\u00f3n, ejecuci\u00f3n y evaluaci\u00f3n de la gesti\u00f3n&#8230;<\/p>\n","protected":false},"author":1,"featured_media":0,"parent":0,"menu_order":0,"comment_status":"closed","ping_status":"closed","template":"","meta":{"footnotes":""},"class_list":["post-20259","page","type-page","status-publish","hentry"],"_links":{"self":[{"href":"https:\/\/inembucaramanga.edu.co\/web\/wp-json\/wp\/v2\/pages\/20259","targetHints":{"allow":["GET"]}}],"collection":[{"href":"https:\/\/inembucaramanga.edu.co\/web\/wp-json\/wp\/v2\/pages"}],"about":[{"href":"https:\/\/inembucaramanga.edu.co\/web\/wp-json\/wp\/v2\/types\/page"}],"author":[{"embeddable":true,"href":"https:\/\/inembucaramanga.edu.co\/web\/wp-json\/wp\/v2\/users\/1"}],"replies":[{"embeddable":true,"href":"https:\/\/inembucaramanga.edu.co\/web\/wp-json\/wp\/v2\/comments?post=20259"}],"version-history":[{"count":0,"href":"https:\/\/inembucaramanga.edu.co\/web\/wp-json\/wp\/v2\/pages\/20259\/revisions"}],"wp:attachment":[{"href":"https:\/\/inembucaramanga.edu.co\/web\/wp-json\/wp\/v2\/media?parent=20259"}],"curies":[{"name":"wp","href":"https:\/\/api.w.org\/{rel}","templated":true}]}}