{"id":20284,"date":"2025-08-28T23:36:09","date_gmt":"2025-08-29T04:36:09","guid":{"rendered":"https:\/\/inembucaramanga.edu.co\/portal\/?page_id=20284"},"modified":"2025-12-02T07:45:31","modified_gmt":"2025-12-02T12:45:31","slug":"9-obligacion-de-reporte-de-informacion-especifica","status":"publish","type":"page","link":"https:\/\/inembucaramanga.edu.co\/web\/9-obligacion-de-reporte-de-informacion-especifica\/","title":{"rendered":"9. Obligaci\u00f3n de reporte de informaci\u00f3n especifica"},"content":{"rendered":"\t\t<div data-elementor-type=\"wp-page\" data-elementor-id=\"20284\" class=\"elementor elementor-20284\" data-elementor-post-type=\"page\">\n\t\t\t\t<div class=\"elementor-element elementor-element-9dafb4f e-grid e-con-boxed e-con e-parent\" data-id=\"9dafb4f\" data-element_type=\"container\" data-e-type=\"container\">\n\t\t\t\t\t<div class=\"e-con-inner\">\n\t\t<div class=\"elementor-element elementor-element-c7c5d65 e-con-full e-flex e-con e-child\" data-id=\"c7c5d65\" data-element_type=\"container\" data-e-type=\"container\">\n\t\t\t\t<div class=\"elementor-element elementor-element-e2e33c4 elementor-cta--skin-classic elementor-animated-content elementor-bg-transform elementor-bg-transform-zoom-in elementor-widget elementor-widget-call-to-action\" data-id=\"e2e33c4\" data-element_type=\"widget\" data-e-type=\"widget\" data-widget_type=\"call-to-action.default\">\n\t\t\t\t\t\t\t<div class=\"elementor-cta\">\n\t\t\t\t\t\t\t<div class=\"elementor-cta__content\">\n\t\t\t\t\n\t\t\t\t\t\t\t\t\t<h2 class=\"elementor-cta__title elementor-cta__content-item elementor-content-item\">\n\t\t\t\t\t\t9.1 Obligaci\u00f3n de reporte de informaci\u00f3n especifica\t\t\t\t\t<\/h2>\n\t\t\t\t\n\t\t\t\t\t\t\t\t\t<div class=\"elementor-cta__description elementor-cta__content-item elementor-content-item\">\n\t\t\t\t\t\tEn cumplimiento de la Ley 1712 de 2014 y dem\u00e1s normatividad aplicable, la I.E provenza pone a disposici\u00f3n de la ciudadan\u00eda los reportes de informaci\u00f3n que, por mandato legal, deben ser entregados a los entes de control y vigilancia. Estos reportes incluyen, entre otros: Informes de gesti\u00f3n acad\u00e9mica y administrativa Reportes financieros y presupuestales Informes de control interno Reportes a organismos de control como la Contralor\u00eda, la Procuradur\u00eda y la Personer\u00eda Su publicaci\u00f3n tiene como finalidad garantizar la transparencia en la administraci\u00f3n de los recursos p\u00fablicos y el ejercicio del control social.\t\t\t\t\t<\/div>\n\t\t\t\t\n\t\t\t\t\t\t\t\t\t<div class=\"elementor-cta__button-wrapper elementor-cta__content-item elementor-content-item \">\n\t\t\t\t\t<a class=\"elementor-cta__button elementor-button elementor-size-\" href=\"https:\/\/inembucaramanga.edu.co\/web\/9-1-obligacion-de-reporte-de-informacion-especifica\/\">\n\t\t\t\t\t\tClick Aqu\u00ed\t\t\t\t\t<\/a>\n\t\t\t\t\t<\/div>\n\t\t\t\t\t\t\t<\/div>\n\t\t\t\t\t\t<\/div>\n\t\t\t\t\t\t<\/div>\n\t\t\t\t<\/div>\n\t\t<div class=\"elementor-element elementor-element-ecdec55 e-con-full e-flex e-con e-child\" data-id=\"ecdec55\" data-element_type=\"container\" data-e-type=\"container\">\n\t\t\t\t<div class=\"elementor-element elementor-element-2a00760 elementor-cta--skin-classic elementor-animated-content elementor-bg-transform elementor-bg-transform-zoom-in elementor-widget elementor-widget-call-to-action\" data-id=\"2a00760\" data-element_type=\"widget\" data-e-type=\"widget\" data-widget_type=\"call-to-action.default\">\n\t\t\t\t\t\t\t<div class=\"elementor-cta\">\n\t\t\t\t\t\t\t<div class=\"elementor-cta__content\">\n\t\t\t\t\n\t\t\t\t\t\t\t\t\t<h2 class=\"elementor-cta__title elementor-cta__content-item elementor-content-item\">\n\t\t\t\t\t\t9.2 Notificaciones\t\t\t\t\t<\/h2>\n\t\t\t\t\n\t\t\t\t\t\t\t\t\t<div class=\"elementor-cta__description elementor-cta__content-item elementor-content-item\">\n\t\t\t\t\t\tEn cumplimiento de lo dispuesto por la Ley 1712 de 2014 y las normas del debido proceso, la instituci\u00f3n educativa realiza las notificaciones de car\u00e1cter administrativo a trav\u00e9s de este medio oficial. En esta secci\u00f3n se publican las comunicaciones, citaciones, avisos y dem\u00e1s actos administrativos que requieran notificaci\u00f3n a la ciudadan\u00eda, garantizando el acceso oportuno, la transparencia y el derecho de defensa de los interesados\t\t\t\t\t<\/div>\n\t\t\t\t\n\t\t\t\t\t\t\t\t\t<div class=\"elementor-cta__button-wrapper elementor-cta__content-item elementor-content-item \">\n\t\t\t\t\t<a class=\"elementor-cta__button elementor-button elementor-size-\" href=\"https:\/\/inembucaramanga.edu.co\/web\/blog\/\">\n\t\t\t\t\t\tClick Aqu\u00ed\t\t\t\t\t<\/a>\n\t\t\t\t\t<\/div>\n\t\t\t\t\t\t\t<\/div>\n\t\t\t\t\t\t<\/div>\n\t\t\t\t\t\t<\/div>\n\t\t\t\t<\/div>\n\t\t\t\t\t<\/div>\n\t\t\t\t<\/div>\n\t\t\t\t<\/div>\n\t\t","protected":false},"excerpt":{"rendered":"<p>9.1 Obligaci\u00f3n de reporte de informaci\u00f3n especifica En cumplimiento de la Ley 1712 de 2014 y dem\u00e1s normatividad aplicable, la I.E provenza pone a disposici\u00f3n de la ciudadan\u00eda los reportes de informaci\u00f3n que, por mandato legal, deben ser entregados a los entes de control y vigilancia. Estos reportes incluyen, entre otros: Informes de gesti\u00f3n acad\u00e9mica&#8230;<\/p>\n","protected":false},"author":1,"featured_media":0,"parent":0,"menu_order":0,"comment_status":"closed","ping_status":"closed","template":"","meta":{"footnotes":""},"class_list":["post-20284","page","type-page","status-publish","hentry"],"_links":{"self":[{"href":"https:\/\/inembucaramanga.edu.co\/web\/wp-json\/wp\/v2\/pages\/20284","targetHints":{"allow":["GET"]}}],"collection":[{"href":"https:\/\/inembucaramanga.edu.co\/web\/wp-json\/wp\/v2\/pages"}],"about":[{"href":"https:\/\/inembucaramanga.edu.co\/web\/wp-json\/wp\/v2\/types\/page"}],"author":[{"embeddable":true,"href":"https:\/\/inembucaramanga.edu.co\/web\/wp-json\/wp\/v2\/users\/1"}],"replies":[{"embeddable":true,"href":"https:\/\/inembucaramanga.edu.co\/web\/wp-json\/wp\/v2\/comments?post=20284"}],"version-history":[{"count":3,"href":"https:\/\/inembucaramanga.edu.co\/web\/wp-json\/wp\/v2\/pages\/20284\/revisions"}],"predecessor-version":[{"id":20801,"href":"https:\/\/inembucaramanga.edu.co\/web\/wp-json\/wp\/v2\/pages\/20284\/revisions\/20801"}],"wp:attachment":[{"href":"https:\/\/inembucaramanga.edu.co\/web\/wp-json\/wp\/v2\/media?parent=20284"}],"curies":[{"name":"wp","href":"https:\/\/api.w.org\/{rel}","templated":true}]}}