{"id":20406,"date":"2025-09-21T13:16:35","date_gmt":"2025-09-21T18:16:35","guid":{"rendered":"https:\/\/inembucaramanga.edu.co\/portal\/?page_id=20406"},"modified":"2025-09-21T13:16:35","modified_gmt":"2025-09-21T18:16:35","slug":"4-2-ejecucion-presupuestal","status":"publish","type":"page","link":"https:\/\/inembucaramanga.edu.co\/web\/4-2-ejecucion-presupuestal\/","title":{"rendered":"4.2 Ejecuci\u00f3n presupuestal"},"content":{"rendered":"\t\t<div data-elementor-type=\"wp-page\" data-elementor-id=\"20406\" class=\"elementor elementor-20406\" data-elementor-post-type=\"page\">\n\t\t\t\t<div class=\"elementor-element elementor-element-6c73f66 e-grid e-con-boxed e-con e-parent\" data-id=\"6c73f66\" data-element_type=\"container\" data-e-type=\"container\">\n\t\t\t\t\t<div class=\"e-con-inner\">\n\t\t<div class=\"elementor-element elementor-element-e7f4b1c e-con-full e-flex e-con e-child\" data-id=\"e7f4b1c\" data-element_type=\"container\" data-e-type=\"container\">\n\t\t\t\t<div class=\"elementor-element elementor-element-1ede2be elementor-cta--skin-classic elementor-animated-content elementor-bg-transform elementor-bg-transform-zoom-in elementor-widget elementor-widget-call-to-action\" data-id=\"1ede2be\" data-element_type=\"widget\" data-e-type=\"widget\" data-widget_type=\"call-to-action.default\">\n\t\t\t\t\t\t\t<div class=\"elementor-cta\">\n\t\t\t\t\t\t\t<div class=\"elementor-cta__content\">\n\t\t\t\t\n\t\t\t\t\t\t\t\t\t<h2 class=\"elementor-cta__title elementor-cta__content-item elementor-content-item\">\n\t\t\t\t\t\tEjecuci\u00f3n Ingresos\t\t\t\t\t<\/h2>\n\t\t\t\t\n\t\t\t\t\t\t\t\t\t<div class=\"elementor-cta__description elementor-cta__content-item elementor-content-item\">\n\t\t\t\t\t\tAqu\u00ed podr\u00e1 consultar el detalle de los recursos recibidos por la instituci\u00f3n, provenientes de aportes oficiales, transferencias y dem\u00e1s fuentes de financiaci\u00f3n, garantizando la transparencia en el uso de los fondos p\u00fablicos.\t\t\t\t\t<\/div>\n\t\t\t\t\n\t\t\t\t\t\t\t\t\t<div class=\"elementor-cta__button-wrapper elementor-cta__content-item elementor-content-item \">\n\t\t\t\t\t<a class=\"elementor-cta__button elementor-button elementor-size-\" href=\"https:\/\/drive.google.com\/file\/d\/15ZCE5xbOA73Co5DLAI-P9tfxzssPTSOW\/view?usp=drive_link\">\n\t\t\t\t\t\tClick Aqui\t\t\t\t\t<\/a>\n\t\t\t\t\t<\/div>\n\t\t\t\t\t\t\t<\/div>\n\t\t\t\t\t\t<\/div>\n\t\t\t\t\t\t<\/div>\n\t\t\t\t<\/div>\n\t\t<div class=\"elementor-element elementor-element-1536837 e-con-full e-flex e-con e-child\" data-id=\"1536837\" data-element_type=\"container\" data-e-type=\"container\">\n\t\t\t\t<div class=\"elementor-element elementor-element-0e5c4c1 elementor-cta--skin-classic elementor-animated-content elementor-bg-transform elementor-bg-transform-zoom-in elementor-widget elementor-widget-call-to-action\" data-id=\"0e5c4c1\" data-element_type=\"widget\" data-e-type=\"widget\" data-widget_type=\"call-to-action.default\">\n\t\t\t\t\t\t\t<div class=\"elementor-cta\">\n\t\t\t\t\t\t\t<div class=\"elementor-cta__content\">\n\t\t\t\t\n\t\t\t\t\t\t\t\t\t<h2 class=\"elementor-cta__title elementor-cta__content-item elementor-content-item\">\n\t\t\t\t\t\tEjecuci\u00f3n Gastos\t\t\t\t\t<\/h2>\n\t\t\t\t\n\t\t\t\t\t\t\t\t\t<div class=\"elementor-cta__description elementor-cta__content-item elementor-content-item\">\n\t\t\t\t\t\tConsulte la distribuci\u00f3n y aplicaci\u00f3n de los recursos de la instituci\u00f3n, destinados a inversi\u00f3n, funcionamiento y proyectos educativos, asegurando un manejo responsable y eficiente del presupuesto.\t\t\t\t\t<\/div>\n\t\t\t\t\n\t\t\t\t\t\t\t\t\t<div class=\"elementor-cta__button-wrapper elementor-cta__content-item elementor-content-item \">\n\t\t\t\t\t<a class=\"elementor-cta__button elementor-button elementor-size-\" href=\"https:\/\/drive.google.com\/file\/d\/1gSR1_fVsNB3DanPpYdeti7WI8oNn-Vn2\/view?usp=drive_link\">\n\t\t\t\t\t\tClick Aqui\t\t\t\t\t<\/a>\n\t\t\t\t\t<\/div>\n\t\t\t\t\t\t\t<\/div>\n\t\t\t\t\t\t<\/div>\n\t\t\t\t\t\t<\/div>\n\t\t\t\t<\/div>\n\t\t\t\t\t<\/div>\n\t\t\t\t<\/div>\n\t\t\t\t<\/div>\n\t\t","protected":false},"excerpt":{"rendered":"<p>Ejecuci\u00f3n Ingresos Aqu\u00ed podr\u00e1 consultar el detalle de los recursos recibidos por la instituci\u00f3n, provenientes de aportes oficiales, transferencias y dem\u00e1s fuentes de financiaci\u00f3n, garantizando la transparencia en el uso de los fondos p\u00fablicos. Click Aqui Ejecuci\u00f3n Gastos Consulte la distribuci\u00f3n y aplicaci\u00f3n de los recursos de la instituci\u00f3n, destinados a inversi\u00f3n, funcionamiento y proyectos&#8230;<\/p>\n","protected":false},"author":1,"featured_media":0,"parent":0,"menu_order":0,"comment_status":"closed","ping_status":"closed","template":"","meta":{"footnotes":""},"class_list":["post-20406","page","type-page","status-publish","hentry"],"_links":{"self":[{"href":"https:\/\/inembucaramanga.edu.co\/web\/wp-json\/wp\/v2\/pages\/20406","targetHints":{"allow":["GET"]}}],"collection":[{"href":"https:\/\/inembucaramanga.edu.co\/web\/wp-json\/wp\/v2\/pages"}],"about":[{"href":"https:\/\/inembucaramanga.edu.co\/web\/wp-json\/wp\/v2\/types\/page"}],"author":[{"embeddable":true,"href":"https:\/\/inembucaramanga.edu.co\/web\/wp-json\/wp\/v2\/users\/1"}],"replies":[{"embeddable":true,"href":"https:\/\/inembucaramanga.edu.co\/web\/wp-json\/wp\/v2\/comments?post=20406"}],"version-history":[{"count":0,"href":"https:\/\/inembucaramanga.edu.co\/web\/wp-json\/wp\/v2\/pages\/20406\/revisions"}],"wp:attachment":[{"href":"https:\/\/inembucaramanga.edu.co\/web\/wp-json\/wp\/v2\/media?parent=20406"}],"curies":[{"name":"wp","href":"https:\/\/api.w.org\/{rel}","templated":true}]}}