
{"id":20702,"date":"2025-11-04T01:30:05","date_gmt":"2025-11-04T01:30:05","guid":{"rendered":"https:\/\/inembucaramanga.edu.co\/web\/?page_id=20702"},"modified":"2025-11-04T01:36:20","modified_gmt":"2025-11-04T01:36:20","slug":"transporte-luz-de-salvacion","status":"publish","type":"page","link":"https:\/\/inembucaramanga.edu.co\/web\/transporte-luz-de-salvacion\/","title":{"rendered":"Transporte Luz de salvaci\u00f3n"},"content":{"rendered":"\t\t<div data-elementor-type=\"wp-page\" data-elementor-id=\"20702\" class=\"elementor elementor-20702\" data-elementor-post-type=\"page\">\n\t\t\t\t<div class=\"elementor-element elementor-element-731a15a e-flex e-con-boxed e-con e-parent\" data-id=\"731a15a\" data-element_type=\"container\" data-e-type=\"container\" data-settings=\"{&quot;background_background&quot;:&quot;classic&quot;}\">\n\t\t\t\t\t<div class=\"e-con-inner\">\n\t\t<div class=\"elementor-element elementor-element-be1b1f8 e-con-full e-flex e-con e-child\" data-id=\"be1b1f8\" data-element_type=\"container\" data-e-type=\"container\">\n\t\t<div class=\"elementor-element elementor-element-9d767e3 e-con-full e-flex e-con e-child\" data-id=\"9d767e3\" data-element_type=\"container\" data-e-type=\"container\">\n\t\t\t\t<div class=\"elementor-element elementor-element-2c7fca2 elementor-widget elementor-widget-heading\" data-id=\"2c7fca2\" data-element_type=\"widget\" data-e-type=\"widget\" data-widget_type=\"heading.default\">\n\t\t\t\t\t<h4 class=\"elementor-heading-title elementor-size-default\"><a href=\"https:\/\/inembucaramanga.edu.co\/web\/wp-content\/uploads\/2025\/11\/1.-ACUERDO-DE-CORRESPONSABILIDAD-F-GSEP-4200-1313-C02.02.F02-1.pdf\">Formato acuerdo de corresponsabilidad<br><br>Descargar<\/a><\/h4>\t\t\t\t<\/div>\n\t\t\t\t<\/div>\n\t\t\t\t<\/div>\n\t\t<div class=\"elementor-element elementor-element-211445d e-con-full e-flex e-con e-child\" data-id=\"211445d\" data-element_type=\"container\" data-e-type=\"container\">\n\t\t<div class=\"elementor-element elementor-element-b18714b e-con-full e-flex e-con e-child\" data-id=\"b18714b\" data-element_type=\"container\" data-e-type=\"container\">\n\t\t\t\t<div class=\"elementor-element elementor-element-fee75d9 elementor-widget elementor-widget-text-editor\" data-id=\"fee75d9\" data-element_type=\"widget\" data-e-type=\"widget\" data-widget_type=\"text-editor.default\">\n\t\t\t\t\t\t\t\t\t<p><strong>INFORMACION INSTITUCION EDUCATIVA INEM \u2013 CUSTODIO GARCIA ROVIRA<\/strong><br \/>Padres de familia de los estudiantes matriculados en la IE INEM Custodio Garcia Rovira, residentes en el barrio LUZ DE SALVACION, se informa que para solicitar servicio de transporte escolar debe entregar en la oficina simat ubicada en la sede principal, los siguientes documentos:<br \/>1. Carta solicitando el servicio de transporte dirigida a instituci\u00f3n educativa Inem con informaci\u00f3n completa del estudiante y el padre y\/o acudiente, correo y celular de contacto.<br \/>2. Certificado de vecindad expedido por la junta de acci\u00f3n comunal del barrio LUZ DE SALVACION.<br \/>3. Contrato de corresponsabilidad firmada por el acudiente o padre responsable del estudiante. (Anexo)<br \/>NOTA IMPORTANTE: Haga su solicitud solo si usted considera que en verdad requiere el servicio de transporte y teniendo en cuenta que la aprobaci\u00f3n de su solicitud estar\u00e1 sujeta al cumplimiento de los requisitos establecidos por la norma, la priorizaci\u00f3n y la cantidad de cupos aprobados por la SEB<\/p>\t\t\t\t\t\t\t\t<\/div>\n\t\t\t\t<\/div>\n\t\t\t\t<\/div>\n\t\t\t\t\t<\/div>\n\t\t\t\t<\/div>\n\t\t\t\t<\/div>\n\t\t","protected":false},"excerpt":{"rendered":"<p>Formato acuerdo de corresponsabilidad Descargar INFORMACION INSTITUCION EDUCATIVA INEM \u2013 CUSTODIO GARCIA ROVIRAPadres de familia de los estudiantes matriculados en la IE INEM Custodio Garcia Rovira, residentes en el barrio LUZ DE SALVACION, se informa que para solicitar servicio de transporte escolar debe entregar en la oficina simat ubicada en la sede principal, los siguientes&#8230;<\/p>\n","protected":false},"author":1,"featured_media":0,"parent":0,"menu_order":0,"comment_status":"closed","ping_status":"closed","template":"","meta":{"footnotes":""},"class_list":["post-20702","page","type-page","status-publish","hentry"],"_links":{"self":[{"href":"https:\/\/inembucaramanga.edu.co\/web\/wp-json\/wp\/v2\/pages\/20702","targetHints":{"allow":["GET"]}}],"collection":[{"href":"https:\/\/inembucaramanga.edu.co\/web\/wp-json\/wp\/v2\/pages"}],"about":[{"href":"https:\/\/inembucaramanga.edu.co\/web\/wp-json\/wp\/v2\/types\/page"}],"author":[{"embeddable":true,"href":"https:\/\/inembucaramanga.edu.co\/web\/wp-json\/wp\/v2\/users\/1"}],"replies":[{"embeddable":true,"href":"https:\/\/inembucaramanga.edu.co\/web\/wp-json\/wp\/v2\/comments?post=20702"}],"version-history":[{"count":4,"href":"https:\/\/inembucaramanga.edu.co\/web\/wp-json\/wp\/v2\/pages\/20702\/revisions"}],"predecessor-version":[{"id":20708,"href":"https:\/\/inembucaramanga.edu.co\/web\/wp-json\/wp\/v2\/pages\/20702\/revisions\/20708"}],"wp:attachment":[{"href":"https:\/\/inembucaramanga.edu.co\/web\/wp-json\/wp\/v2\/media?parent=20702"}],"curies":[{"name":"wp","href":"https:\/\/api.w.org\/{rel}","templated":true}]}}